{"id":1585,"date":"2023-10-03T00:59:27","date_gmt":"2023-10-02T22:59:27","guid":{"rendered":"https:\/\/www.kairosquartett.com\/sponsoren\/"},"modified":"2025-06-27T13:15:57","modified_gmt":"2025-06-27T11:15:57","slug":"sponsoren","status":"publish","type":"page","link":"https:\/\/www.kairosquartett.de\/en\/sponsoren\/","title":{"rendered":"Grants and Endowments"},"content":{"rendered":"\n<p>The Kairos Quartet is inviting you to support us with funds or infrastructure. We do believe in mutuality, therefore we would be more than happy to <a href=\"&#x6d;&#x61;&#x69;&#x6c;&#x74;&#x6f;&#x3a;&#x69;&#x6e;&#x66;&#x6f;&#x40;&#x6b;&#x61;&#105;&#114;&#111;&#115;&#113;&#117;&#97;&#114;&#116;&#101;&#116;t&#46;de\">get together and exchange ideas<\/a>.<\/p>\n\n\n\n<h2 class=\"wp-block-heading\"><strong>Grants and Endowments<\/strong><\/h2>\n\n\n\n<p>NEUSTART &#8211; F\u00f6rderung f\u00fcr Ensembles und Bands, f\u00fcr&nbsp;<strong>LUFT | WURZELN<\/strong><\/p>\n\n\n\n<p>Travel grants by the central Goethe Institute Munich<\/p>\n\n\n\n<p>Support by the Goethe Institutes of Cyprus and Kuala Lumpur<\/p>\n\n\n\n<p>Deutsche Klassen Lotterie Berlin Foundation 2021 for&nbsp;<strong>OPUS:25<\/strong><\/p>\n\n\n\n<p>Support by the Ministry of Science, Research and Culture of the State of Brandenburg<\/p>\n\n\n\n<p>Support by Verein f\u00fcr den ausgefallenen Klang e.V.<\/p>\n\n\n\n<p>Hauptstadtkulturfonds grant for&nbsp;<strong>On the Sound Path<\/strong><\/p>\n\n\n\n<p>Ensemble grant of the City of Berlin 2009<\/p>\n\n\n\n<p>Project grant Franco-German Fonds for contemporary music 2009<\/p>\n\n\n\n<p>Prize of the German Schallplattenkritik favorite&#8217;s list 1\/2005<\/p>\n\n\n\n<p>Composition grant of the City of Berlin 1997, 1999, 2003<\/p>\n\n\n\n<p>Project grants of the Deutsche Musikrat 1998 \u2013 2002<\/p>\n\n\n\n<p>Hauptstadtkulturfonds grant for the concert series &#8220;<a href=\"https:\/\/www.kairosquartett.de\/projekte\/funf-fenster-auf-das-streichquartett-seit-1950\/\"><u>Five Windows Onto the String Quartet since 1950<\/u><\/a>&#8221; Dec. 2001 &#8211; June 2002<\/p>\n\n\n\n<p>Fellows at Academy Schloss Solitude (first ever ensemble recipient) April\/May 2001<\/p>\n\n\n\n<p>Kranichstein Stipend 1996<\/p>\n","protected":false},"excerpt":{"rendered":"<p>The Kairos Quartet is inviting you to support us with funds or infrastructure. We do believe in mutuality, therefore we would be more than happy to get together and exchange&hellip;<\/p>\n","protected":false},"author":1,"featured_media":363,"parent":0,"menu_order":0,"comment_status":"closed","ping_status":"closed","template":"","meta":{"_acf_changed":false,"rs_blank_template":"","rs_page_bg_color":"","slide_template_v7":"","_EventAllDay":false,"_EventTimezone":"","_EventStartDate":"","_EventEndDate":"","_EventStartDateUTC":"","_EventEndDateUTC":"","_EventShowMap":false,"_EventShowMapLink":false,"_EventURL":"","_EventCost":"","_EventCostDescription":"","_EventCurrencySymbol":"","_EventCurrencyCode":"","_EventCurrencyPosition":"","_EventDateTimeSeparator":"","_EventTimeRangeSeparator":"","_EventOrganizerID":[],"_EventVenueID":[],"_OrganizerEmail":"","_OrganizerPhone":"","_OrganizerWebsite":"","_VenueAddress":"","_VenueCity":"","_VenueCountry":"","_VenueProvince":"","_VenueState":"","_VenueZip":"","_VenuePhone":"","_VenueURL":"","_VenueStateProvince":"","_VenueLat":"","_VenueLng":"","_VenueShowMap":false,"_VenueShowMapLink":false,"footnotes":""},"class_list":["post-1585","page","type-page","status-publish","has-post-thumbnail","hentry"],"acf":[],"yoast_head":"<!-- This site is optimized with the Yoast SEO plugin v27.3 - https:\/\/yoast.com\/product\/yoast-seo-wordpress\/ -->\n<title>Grants and Endowments &#8226; Kairos Quartett<\/title>\n<meta name=\"robots\" content=\"index, follow, max-snippet:-1, max-image-preview:large, max-video-preview:-1\" \/>\n<link rel=\"canonical\" href=\"https:\/\/www.kairosquartett.de\/en\/sponsoren\/\" \/>\n<meta property=\"og:locale\" content=\"en_US\" \/>\n<meta property=\"og:type\" content=\"article\" \/>\n<meta property=\"og:title\" content=\"Grants and Endowments &#8226; Kairos Quartett\" \/>\n<meta property=\"og:description\" content=\"The Kairos Quartet is inviting you to support us with funds or infrastructure. We do believe in mutuality, therefore we would be more than happy to get together and exchange&hellip;\" \/>\n<meta property=\"og:url\" content=\"https:\/\/www.kairosquartett.de\/en\/sponsoren\/\" \/>\n<meta property=\"og:site_name\" content=\"Kairos Quartett\" \/>\n<meta property=\"article:publisher\" content=\"https:\/\/www.facebook.com\/people\/Kairos-Quartett\/100083232457507\/\" \/>\n<meta property=\"article:modified_time\" content=\"2025-06-27T11:15:57+00:00\" \/>\n<meta property=\"og:image\" content=\"https:\/\/www.kairosquartett.de\/wp-content\/uploads\/2019\/05\/Platzhalter-Bild-Folgt-Banner.jpg\" \/>\n\t<meta property=\"og:image:width\" content=\"1200\" \/>\n\t<meta property=\"og:image:height\" content=\"330\" \/>\n\t<meta property=\"og:image:type\" content=\"image\/jpeg\" \/>\n<meta name=\"twitter:card\" content=\"summary_large_image\" \/>\n<meta name=\"twitter:label1\" content=\"Est. reading time\" \/>\n\t<meta name=\"twitter:data1\" content=\"1 minute\" \/>\n<script type=\"application\/ld+json\" class=\"yoast-schema-graph\">{\"@context\":\"https:\\\/\\\/schema.org\",\"@graph\":[{\"@type\":\"WebPage\",\"@id\":\"https:\\\/\\\/www.kairosquartett.de\\\/en\\\/sponsoren\\\/\",\"url\":\"https:\\\/\\\/www.kairosquartett.de\\\/en\\\/sponsoren\\\/\",\"name\":\"Grants and Endowments &#8226; Kairos Quartett\",\"isPartOf\":{\"@id\":\"https:\\\/\\\/www.kairosquartett.de\\\/en\\\/#website\"},\"primaryImageOfPage\":{\"@id\":\"https:\\\/\\\/www.kairosquartett.de\\\/en\\\/sponsoren\\\/#primaryimage\"},\"image\":{\"@id\":\"https:\\\/\\\/www.kairosquartett.de\\\/en\\\/sponsoren\\\/#primaryimage\"},\"thumbnailUrl\":\"https:\\\/\\\/www.kairosquartett.de\\\/wp-content\\\/uploads\\\/2019\\\/05\\\/Platzhalter-Bild-Folgt-Banner.jpg\",\"datePublished\":\"2023-10-02T22:59:27+00:00\",\"dateModified\":\"2025-06-27T11:15:57+00:00\",\"breadcrumb\":{\"@id\":\"https:\\\/\\\/www.kairosquartett.de\\\/en\\\/sponsoren\\\/#breadcrumb\"},\"inLanguage\":\"en-US\",\"potentialAction\":[{\"@type\":\"ReadAction\",\"target\":[\"https:\\\/\\\/www.kairosquartett.de\\\/en\\\/sponsoren\\\/\"]}]},{\"@type\":\"ImageObject\",\"inLanguage\":\"en-US\",\"@id\":\"https:\\\/\\\/www.kairosquartett.de\\\/en\\\/sponsoren\\\/#primaryimage\",\"url\":\"https:\\\/\\\/www.kairosquartett.de\\\/wp-content\\\/uploads\\\/2019\\\/05\\\/Platzhalter-Bild-Folgt-Banner.jpg\",\"contentUrl\":\"https:\\\/\\\/www.kairosquartett.de\\\/wp-content\\\/uploads\\\/2019\\\/05\\\/Platzhalter-Bild-Folgt-Banner.jpg\",\"width\":1200,\"height\":330},{\"@type\":\"BreadcrumbList\",\"@id\":\"https:\\\/\\\/www.kairosquartett.de\\\/en\\\/sponsoren\\\/#breadcrumb\",\"itemListElement\":[{\"@type\":\"ListItem\",\"position\":1,\"name\":\"Startseite\",\"item\":\"https:\\\/\\\/www.kairosquartett.de\\\/en\\\/welcome\\\/\"},{\"@type\":\"ListItem\",\"position\":2,\"name\":\"Grants and Endowments\"}]},{\"@type\":\"WebSite\",\"@id\":\"https:\\\/\\\/www.kairosquartett.de\\\/en\\\/#website\",\"url\":\"https:\\\/\\\/www.kairosquartett.de\\\/en\\\/\",\"name\":\"Kairos Quartett\",\"description\":\"Official website of the Kairos Quartett, a professional quartet specialised in contemporary music based in Berlin, Germany.\",\"publisher\":{\"@id\":\"https:\\\/\\\/www.kairosquartett.de\\\/en\\\/#organization\"},\"potentialAction\":[{\"@type\":\"SearchAction\",\"target\":{\"@type\":\"EntryPoint\",\"urlTemplate\":\"https:\\\/\\\/www.kairosquartett.de\\\/en\\\/?s={search_term_string}\"},\"query-input\":{\"@type\":\"PropertyValueSpecification\",\"valueRequired\":true,\"valueName\":\"search_term_string\"}}],\"inLanguage\":\"en-US\"},{\"@type\":\"Organization\",\"@id\":\"https:\\\/\\\/www.kairosquartett.de\\\/en\\\/#organization\",\"name\":\"Kairos Quartett\",\"url\":\"https:\\\/\\\/www.kairosquartett.de\\\/en\\\/\",\"logo\":{\"@type\":\"ImageObject\",\"inLanguage\":\"en-US\",\"@id\":\"https:\\\/\\\/www.kairosquartett.de\\\/en\\\/#\\\/schema\\\/logo\\\/image\\\/\",\"url\":\"https:\\\/\\\/www.kairosquartett.com\\\/wp-content\\\/uploads\\\/2023\\\/10\\\/cropped-kq-logo-512px.jpg\",\"contentUrl\":\"https:\\\/\\\/www.kairosquartett.com\\\/wp-content\\\/uploads\\\/2023\\\/10\\\/cropped-kq-logo-512px.jpg\",\"width\":512,\"height\":512,\"caption\":\"Kairos Quartett\"},\"image\":{\"@id\":\"https:\\\/\\\/www.kairosquartett.de\\\/en\\\/#\\\/schema\\\/logo\\\/image\\\/\"},\"sameAs\":[\"https:\\\/\\\/www.facebook.com\\\/people\\\/Kairos-Quartett\\\/100083232457507\\\/\"]}]}<\/script>\n<!-- \/ Yoast SEO plugin. -->","yoast_head_json":{"title":"Grants and Endowments &#8226; Kairos Quartett","robots":{"index":"index","follow":"follow","max-snippet":"max-snippet:-1","max-image-preview":"max-image-preview:large","max-video-preview":"max-video-preview:-1"},"canonical":"https:\/\/www.kairosquartett.de\/en\/sponsoren\/","og_locale":"en_US","og_type":"article","og_title":"Grants and Endowments &#8226; Kairos Quartett","og_description":"The Kairos Quartet is inviting you to support us with funds or infrastructure. We do believe in mutuality, therefore we would be more than happy to get together and exchange&hellip;","og_url":"https:\/\/www.kairosquartett.de\/en\/sponsoren\/","og_site_name":"Kairos Quartett","article_publisher":"https:\/\/www.facebook.com\/people\/Kairos-Quartett\/100083232457507\/","article_modified_time":"2025-06-27T11:15:57+00:00","og_image":[{"width":1200,"height":330,"url":"https:\/\/www.kairosquartett.de\/wp-content\/uploads\/2019\/05\/Platzhalter-Bild-Folgt-Banner.jpg","type":"image\/jpeg"}],"twitter_card":"summary_large_image","twitter_misc":{"Est. reading time":"1 minute"},"schema":{"@context":"https:\/\/schema.org","@graph":[{"@type":"WebPage","@id":"https:\/\/www.kairosquartett.de\/en\/sponsoren\/","url":"https:\/\/www.kairosquartett.de\/en\/sponsoren\/","name":"Grants and Endowments &#8226; Kairos Quartett","isPartOf":{"@id":"https:\/\/www.kairosquartett.de\/en\/#website"},"primaryImageOfPage":{"@id":"https:\/\/www.kairosquartett.de\/en\/sponsoren\/#primaryimage"},"image":{"@id":"https:\/\/www.kairosquartett.de\/en\/sponsoren\/#primaryimage"},"thumbnailUrl":"https:\/\/www.kairosquartett.de\/wp-content\/uploads\/2019\/05\/Platzhalter-Bild-Folgt-Banner.jpg","datePublished":"2023-10-02T22:59:27+00:00","dateModified":"2025-06-27T11:15:57+00:00","breadcrumb":{"@id":"https:\/\/www.kairosquartett.de\/en\/sponsoren\/#breadcrumb"},"inLanguage":"en-US","potentialAction":[{"@type":"ReadAction","target":["https:\/\/www.kairosquartett.de\/en\/sponsoren\/"]}]},{"@type":"ImageObject","inLanguage":"en-US","@id":"https:\/\/www.kairosquartett.de\/en\/sponsoren\/#primaryimage","url":"https:\/\/www.kairosquartett.de\/wp-content\/uploads\/2019\/05\/Platzhalter-Bild-Folgt-Banner.jpg","contentUrl":"https:\/\/www.kairosquartett.de\/wp-content\/uploads\/2019\/05\/Platzhalter-Bild-Folgt-Banner.jpg","width":1200,"height":330},{"@type":"BreadcrumbList","@id":"https:\/\/www.kairosquartett.de\/en\/sponsoren\/#breadcrumb","itemListElement":[{"@type":"ListItem","position":1,"name":"Startseite","item":"https:\/\/www.kairosquartett.de\/en\/welcome\/"},{"@type":"ListItem","position":2,"name":"Grants and Endowments"}]},{"@type":"WebSite","@id":"https:\/\/www.kairosquartett.de\/en\/#website","url":"https:\/\/www.kairosquartett.de\/en\/","name":"Kairos Quartett","description":"Official website of the Kairos Quartett, a professional quartet specialised in contemporary music based in Berlin, Germany.","publisher":{"@id":"https:\/\/www.kairosquartett.de\/en\/#organization"},"potentialAction":[{"@type":"SearchAction","target":{"@type":"EntryPoint","urlTemplate":"https:\/\/www.kairosquartett.de\/en\/?s={search_term_string}"},"query-input":{"@type":"PropertyValueSpecification","valueRequired":true,"valueName":"search_term_string"}}],"inLanguage":"en-US"},{"@type":"Organization","@id":"https:\/\/www.kairosquartett.de\/en\/#organization","name":"Kairos Quartett","url":"https:\/\/www.kairosquartett.de\/en\/","logo":{"@type":"ImageObject","inLanguage":"en-US","@id":"https:\/\/www.kairosquartett.de\/en\/#\/schema\/logo\/image\/","url":"https:\/\/www.kairosquartett.com\/wp-content\/uploads\/2023\/10\/cropped-kq-logo-512px.jpg","contentUrl":"https:\/\/www.kairosquartett.com\/wp-content\/uploads\/2023\/10\/cropped-kq-logo-512px.jpg","width":512,"height":512,"caption":"Kairos Quartett"},"image":{"@id":"https:\/\/www.kairosquartett.de\/en\/#\/schema\/logo\/image\/"},"sameAs":["https:\/\/www.facebook.com\/people\/Kairos-Quartett\/100083232457507\/"]}]}},"_links":{"self":[{"href":"https:\/\/www.kairosquartett.de\/en\/wp-json\/wp\/v2\/pages\/1585","targetHints":{"allow":["GET"]}}],"collection":[{"href":"https:\/\/www.kairosquartett.de\/en\/wp-json\/wp\/v2\/pages"}],"about":[{"href":"https:\/\/www.kairosquartett.de\/en\/wp-json\/wp\/v2\/types\/page"}],"author":[{"embeddable":true,"href":"https:\/\/www.kairosquartett.de\/en\/wp-json\/wp\/v2\/users\/1"}],"replies":[{"embeddable":true,"href":"https:\/\/www.kairosquartett.de\/en\/wp-json\/wp\/v2\/comments?post=1585"}],"version-history":[{"count":3,"href":"https:\/\/www.kairosquartett.de\/en\/wp-json\/wp\/v2\/pages\/1585\/revisions"}],"predecessor-version":[{"id":9825,"href":"https:\/\/www.kairosquartett.de\/en\/wp-json\/wp\/v2\/pages\/1585\/revisions\/9825"}],"wp:featuredmedia":[{"embeddable":true,"href":"https:\/\/www.kairosquartett.de\/en\/wp-json\/wp\/v2\/media\/363"}],"wp:attachment":[{"href":"https:\/\/www.kairosquartett.de\/en\/wp-json\/wp\/v2\/media?parent=1585"}],"curies":[{"name":"wp","href":"https:\/\/api.w.org\/{rel}","templated":true}]}}